{"id":503,"date":"2021-07-04T15:35:58","date_gmt":"2021-07-04T15:35:58","guid":{"rendered":"https:\/\/larson-demo.bslthemes.com\/?page_id=503"},"modified":"2024-01-13T00:36:06","modified_gmt":"2024-01-13T05:36:06","slug":"blog-masonry","status":"publish","type":"page","link":"https:\/\/prueba.seguvid.com\/index.php\/blog-masonry\/","title":{"rendered":"News (Masonry)"},"content":{"rendered":"\t\t<div data-elementor-type=\"wp-page\" data-elementor-id=\"503\" class=\"elementor elementor-503\" data-elementor-post-type=\"page\">\n\t\t\t\t\t\t\t\t\t<section class=\"elementor-section elementor-top-section elementor-element elementor-element-a41e2b2 elementor-section-full_width elementor-section-height-default elementor-section-height-default\" data-id=\"a41e2b2\" data-element_type=\"section\">\n\t\t\t\t\t\t<div class=\"elementor-container elementor-column-gap-no\">\n\t\t\t\t\t<div class=\"elementor-column elementor-col-100 elementor-top-column elementor-element elementor-element-97c067e\" data-id=\"97c067e\" data-element_type=\"column\">\n\t\t\t<div class=\"elementor-widget-wrap elementor-element-populated\">\n\t\t\t\t\t\t\t\t<div class=\"elementor-element elementor-element-4f6d00e elementor-widget elementor-widget-larson-intro\" data-id=\"4f6d00e\" data-element_type=\"widget\" data-widget_type=\"larson-intro.default\">\n\t\t\t\t<div class=\"elementor-widget-container\">\n\t\t\t\n\t\t<article class=\"article\">\n\t        <header class=\"article__header\">\n\t          <div class=\"container\">\n\t            \t            <h1 class=\"article__heading heading heading--size-large\">\n\t            \t<span >\n\t\t\t\t\t\tNews\t\t\t\t\t<\/span>\n\t            <\/h1>\n\t            \t            \t          <\/div>\n\t        <\/header>\n\t        \t    <\/article>\n\n\t\t\t\t<\/div>\n\t\t\t\t<\/div>\n\t\t\t\t\t<\/div>\n\t\t<\/div>\n\t\t\t\t\t\t\t<\/div>\n\t\t<\/section>\n\t\t\t\t<section class=\"elementor-section elementor-top-section elementor-element elementor-element-a301033 elementor-section-full_width elementor-section-height-default elementor-section-height-default\" data-id=\"a301033\" data-element_type=\"section\">\n\t\t\t\t\t\t<div class=\"elementor-container elementor-column-gap-no\">\n\t\t\t\t\t<div class=\"elementor-column elementor-col-100 elementor-top-column elementor-element elementor-element-82b94f1\" data-id=\"82b94f1\" data-element_type=\"column\">\n\t\t\t<div class=\"elementor-widget-wrap elementor-element-populated\">\n\t\t\t\t\t\t\t\t<div class=\"elementor-element elementor-element-fe874a2 elementor-widget elementor-widget-larson-blog\" data-id=\"fe874a2\" data-element_type=\"widget\" data-widget_type=\"larson-blog.default\">\n\t\t\t\t<div class=\"elementor-widget-container\">\n\t\t\t\n\t\t\t\t  <!-- Filter projects-->\n          <div class=\"article__filter filter container\">\n            <button class=\"filter__item filter__item--active __js_filter-btn\" type=\"button\" data-filter=\"*\">All<\/button>\n                        <button class=\"filter__item __js_filter-btn\" type=\"button\" data-filter=\".__js_sin-categoria\">Sin categor\u00eda<\/button>\n                        <button class=\"filter__item __js_filter-btn\" type=\"button\" data-filter=\".__js_interior\">Interior<\/button>\n                        <button class=\"filter__item __js_filter-btn\" type=\"button\" data-filter=\".__js_inspiration\">Inspiration<\/button>\n                        <button class=\"filter__item __js_filter-btn\" type=\"button\" data-filter=\".__js_decoration\">Decoration<\/button>\n                        <button class=\"filter__item __js_filter-btn\" type=\"button\" data-filter=\".__js_architecture\">Architecture<\/button>\n                      <\/div>\n        \n\t\t<div class=\"article__main article__main--width-full container\">\n                    <ul class=\"news-listing row __js_news-grid news-grid-col-4\">\n          \t<li class=\"grid-sizer\"><\/li>\n          \t\n\n<li id=\"post-1\" class=\"news-listing__item news-listing__item--auto col-12 col-md-6 col-xl-3 __js_masonry-item __js_sin-categoria  post-1 post type-post status-publish format-standard hentry category-sin-categoria\">\n  <div class=\"card card--small card--masonry card--news card--news-masonry\">\n        <div class=\"card__content card__content--full\">\n      <div class=\"card__date\">9 de enero de 2024<\/div>\n      <h3 class=\"card__heading\"><a href=\"https:\/\/prueba.seguvid.com\/index.php\/2024\/01\/09\/hola-mundo\/\">\u00a1Hola mundo!<\/a><\/h3>\n            <div class=\"card__text\"><p>Bienvenido a WordPress. Esta es tu primera entrada. Ed\u00edtala o b\u00f3rrala, \u00a1luego empieza a escribir!<\/p>\n<\/div>\n            <div class=\"card__bottom\">\n        <a class=\"card__link\" href=\"https:\/\/prueba.seguvid.com\/index.php\/2024\/01\/09\/hola-mundo\/\">\n          Learn more          <svg width=\"20\" height=\"20\">\n            <use xlink:href=\"#chevron-right\"><\/use>\n          <\/svg>\n        <\/a>\n      <\/div>\n    <\/div>\n  <\/div>\n<\/li><!-- #post-1 -->\n\n<li id=\"post-1084\" class=\"news-listing__item news-listing__item--auto col-12 col-md-6 col-xl-3 __js_masonry-item __js_architecture  post-1084 post type-post status-publish format-standard has-post-thumbnail hentry category-architecture\">\n  <div class=\"card card--small card--masonry card--news card--news-masonry\">\n        <div class=\"card__image\">\n    <a href=\"https:\/\/prueba.seguvid.com\/index.php\/2021\/08\/01\/geometric-square-villa-in-germany\/\"><img decoding=\"async\" src=\"https:\/\/prueba.seguvid.com\/wp-content\/uploads\/2021\/07\/item-2.jpg\" alt=\"Beneficios del Vidrio Templado\" \/><\/a>\n    <\/div>\n        <div class=\"card__content card__content--full\">\n      <div class=\"card__date\">1 de agosto de 2021<\/div>\n      <h3 class=\"card__heading\"><a href=\"https:\/\/prueba.seguvid.com\/index.php\/2021\/08\/01\/geometric-square-villa-in-germany\/\">Beneficios del Vidrio Templado<\/a><\/h3>\n            <div class=\"card__text\"><p>El vidrio templado es un tipo de vidrio que ha sido sometido a un proceso de tratamiento t\u00e9rmico controlado para aumentar su resistencia y durabilidad en comparaci\u00f3n con el vidrio com\u00fan. Aqu\u00ed hay algunos beneficios asociados con el vidrio templado: El vidrio templado es un tipo de vidrio que ha&#8230; <\/p>\n<div class=\"readmore\"><a href=\"https:\/\/prueba.seguvid.com\/index.php\/2021\/08\/01\/geometric-square-villa-in-germany\/\" class=\"btn-link\">Read more<\/a><\/div>\n<\/div>\n            <div class=\"card__bottom\">\n        <a class=\"card__link\" href=\"https:\/\/prueba.seguvid.com\/index.php\/2021\/08\/01\/geometric-square-villa-in-germany\/\">\n          Learn more          <svg width=\"20\" height=\"20\">\n            <use xlink:href=\"#chevron-right\"><\/use>\n          <\/svg>\n        <\/a>\n      <\/div>\n    <\/div>\n  <\/div>\n<\/li><!-- #post-1084 -->\n\n<li id=\"post-1079\" class=\"news-listing__item news-listing__item--auto col-12 col-md-6 col-xl-3 __js_masonry-item __js_interior  post-1079 post type-post status-publish format-standard has-post-thumbnail hentry category-interior\">\n  <div class=\"card card--small card--masonry card--news card--news-masonry\">\n        <div class=\"card__image\">\n    <a href=\"https:\/\/prueba.seguvid.com\/index.php\/2021\/08\/01\/redesign-exterior-of-emme-officie\/\"><img decoding=\"async\" src=\"https:\/\/prueba.seguvid.com\/wp-content\/uploads\/2021\/08\/slide-1-1.jpg\" alt=\"Actualidad del Vidrio Templado\" \/><\/a>\n    <\/div>\n        <div class=\"card__content card__content--full\">\n      <div class=\"card__date\">1 de agosto de 2021<\/div>\n      <h3 class=\"card__heading\"><a href=\"https:\/\/prueba.seguvid.com\/index.php\/2021\/08\/01\/redesign-exterior-of-emme-officie\/\">Actualidad del Vidrio Templado<\/a><\/h3>\n            <div class=\"card__text\"><p>Un producto que no se pierde en el transcurso del tiempo El vidrio templado ha continuado siendo un material ampliamente utilizado en diversas industrias debido a sus propiedades beneficiosas. Aunque no tengo acceso a eventos espec\u00edficos o desarrollos recientes m\u00e1s all\u00e1 de esa fecha, puedo proporcionarte informaci\u00f3n general sobre su&#8230; <\/p>\n<div class=\"readmore\"><a href=\"https:\/\/prueba.seguvid.com\/index.php\/2021\/08\/01\/redesign-exterior-of-emme-officie\/\" class=\"btn-link\">Read more<\/a><\/div>\n<\/div>\n            <div class=\"card__bottom\">\n        <a class=\"card__link\" href=\"https:\/\/prueba.seguvid.com\/index.php\/2021\/08\/01\/redesign-exterior-of-emme-officie\/\">\n          Learn more          <svg width=\"20\" height=\"20\">\n            <use xlink:href=\"#chevron-right\"><\/use>\n          <\/svg>\n        <\/a>\n      <\/div>\n    <\/div>\n  <\/div>\n<\/li><!-- #post-1079 -->\n\n<li id=\"post-1077\" class=\"news-listing__item news-listing__item--auto col-12 col-md-6 col-xl-3 __js_masonry-item __js_architecture  post-1077 post type-post status-publish format-standard has-post-thumbnail hentry category-architecture\">\n  <div class=\"card card--small card--masonry card--news card--news-masonry\">\n        <div class=\"card__image\">\n    <a href=\"https:\/\/prueba.seguvid.com\/index.php\/2021\/08\/01\/house-near-london\/\"><img decoding=\"async\" src=\"https:\/\/prueba.seguvid.com\/wp-content\/uploads\/2021\/07\/p-1-3.jpeg\" alt=\"House Near London\" \/><\/a>\n    <\/div>\n        <div class=\"card__content card__content--full\">\n      <div class=\"card__date\">1 de agosto de 2021<\/div>\n      <h3 class=\"card__heading\"><a href=\"https:\/\/prueba.seguvid.com\/index.php\/2021\/08\/01\/house-near-london\/\">House Near London<\/a><\/h3>\n            <div class=\"card__text\"><p>To mark the first UK show of artist Henri Barande My job is simple and sophisticated, so it is possible to describe and simple, and flowery language. I love the feel and sophistication of its superiority. I like people with a keen mind and at the same time easy to&#8230; <\/p>\n<div class=\"readmore\"><a href=\"https:\/\/prueba.seguvid.com\/index.php\/2021\/08\/01\/house-near-london\/\" class=\"btn-link\">Read more<\/a><\/div>\n<\/div>\n            <div class=\"card__bottom\">\n        <a class=\"card__link\" href=\"https:\/\/prueba.seguvid.com\/index.php\/2021\/08\/01\/house-near-london\/\">\n          Learn more          <svg width=\"20\" height=\"20\">\n            <use xlink:href=\"#chevron-right\"><\/use>\n          <\/svg>\n        <\/a>\n      <\/div>\n    <\/div>\n  <\/div>\n<\/li><!-- #post-1077 -->\n\n<li id=\"post-1075\" class=\"news-listing__item news-listing__item--auto col-12 col-md-6 col-xl-3 __js_masonry-item __js_inspiration  post-1075 post type-post status-publish format-standard has-post-thumbnail hentry category-inspiration\">\n  <div class=\"card card--small card--masonry card--news card--news-masonry\">\n        <div class=\"card__image\">\n    <a href=\"https:\/\/prueba.seguvid.com\/index.php\/2021\/08\/01\/house-near-wrocklow\/\"><img decoding=\"async\" src=\"https:\/\/prueba.seguvid.com\/wp-content\/uploads\/2021\/07\/bg-1.jpg\" alt=\"House, Near Wrocklow\" \/><\/a>\n    <\/div>\n        <div class=\"card__content card__content--full\">\n      <div class=\"card__date\">1 de agosto de 2021<\/div>\n      <h3 class=\"card__heading\"><a href=\"https:\/\/prueba.seguvid.com\/index.php\/2021\/08\/01\/house-near-wrocklow\/\">House, Near Wrocklow<\/a><\/h3>\n            <div class=\"card__text\"><p>To mark the first UK show of artist Henri Barande My job is simple and sophisticated, so it is possible to describe and simple, and flowery language. I love the feel and sophistication of its superiority. I like people with a keen mind and at the same time easy to&#8230; <\/p>\n<div class=\"readmore\"><a href=\"https:\/\/prueba.seguvid.com\/index.php\/2021\/08\/01\/house-near-wrocklow\/\" class=\"btn-link\">Read more<\/a><\/div>\n<\/div>\n            <div class=\"card__bottom\">\n        <a class=\"card__link\" href=\"https:\/\/prueba.seguvid.com\/index.php\/2021\/08\/01\/house-near-wrocklow\/\">\n          Learn more          <svg width=\"20\" height=\"20\">\n            <use xlink:href=\"#chevron-right\"><\/use>\n          <\/svg>\n        <\/a>\n      <\/div>\n    <\/div>\n  <\/div>\n<\/li><!-- #post-1075 -->\n\n<li id=\"post-512\" class=\"news-listing__item news-listing__item--auto col-12 col-md-6 col-xl-3 __js_masonry-item __js_inspiration  post-512 post type-post status-publish format-standard has-post-thumbnail hentry category-inspiration tag-decoation tag-inspiration tag-minimal tag-workspace\">\n  <div class=\"card card--small card--masonry card--news card--news-masonry\">\n        <div class=\"card__image\">\n    <a href=\"https:\/\/prueba.seguvid.com\/index.php\/2021\/07\/04\/modern-design\/\"><img decoding=\"async\" src=\"https:\/\/prueba.seguvid.com\/wp-content\/uploads\/2021\/06\/p-8-1.jpeg\" alt=\"Inspiring design trends this fall\" \/><\/a>\n    <\/div>\n        <div class=\"card__content card__content--full\">\n      <div class=\"card__date\">4 de julio de 2021<\/div>\n      <h3 class=\"card__heading\"><a href=\"https:\/\/prueba.seguvid.com\/index.php\/2021\/07\/04\/modern-design\/\">Inspiring design trends this fall<\/a><\/h3>\n            <div class=\"card__text\"><p>To mark the first UK show of artist Henri Barande My job is simple and sophisticated, so it is possible to describe and simple, and flowery language. I love the feel and sophistication of its superiority. I like people with a keen mind and at the same time easy to&#8230; <\/p>\n<div class=\"readmore\"><a href=\"https:\/\/prueba.seguvid.com\/index.php\/2021\/07\/04\/modern-design\/\" class=\"btn-link\">Read more<\/a><\/div>\n<\/div>\n            <div class=\"card__bottom\">\n        <a class=\"card__link\" href=\"https:\/\/prueba.seguvid.com\/index.php\/2021\/07\/04\/modern-design\/\">\n          Learn more          <svg width=\"20\" height=\"20\">\n            <use xlink:href=\"#chevron-right\"><\/use>\n          <\/svg>\n        <\/a>\n      <\/div>\n    <\/div>\n  <\/div>\n<\/li><!-- #post-512 -->\n\n<li id=\"post-73\" class=\"news-listing__item news-listing__item--auto col-12 col-md-6 col-xl-3 __js_masonry-item __js_architecture  post-73 post type-post status-publish format-standard has-post-thumbnail hentry category-architecture\">\n  <div class=\"card card--small card--masonry card--news card--news-masonry\">\n        <div class=\"card__image\">\n    <a href=\"https:\/\/prueba.seguvid.com\/index.php\/2021\/06\/09\/modern-architecture\/\"><img decoding=\"async\" src=\"https:\/\/prueba.seguvid.com\/wp-content\/uploads\/2021\/06\/post-2.jpeg\" alt=\"Minimalism and Interior Designs\" \/><\/a>\n    <\/div>\n        <div class=\"card__content card__content--full\">\n      <div class=\"card__date\">9 de junio de 2021<\/div>\n      <h3 class=\"card__heading\"><a href=\"https:\/\/prueba.seguvid.com\/index.php\/2021\/06\/09\/modern-architecture\/\">Minimalism and Interior Designs<\/a><\/h3>\n            <div class=\"card__text\"><p>To mark the first UK show of artist Henri Barande My job is simple and sophisticated, so it is possible to describe and simple, and flowery language. I love the feel and sophistication of its superiority. I like people with a keen mind and at the same time easy to&#8230; <\/p>\n<div class=\"readmore\"><a href=\"https:\/\/prueba.seguvid.com\/index.php\/2021\/06\/09\/modern-architecture\/\" class=\"btn-link\">Read more<\/a><\/div>\n<\/div>\n            <div class=\"card__bottom\">\n        <a class=\"card__link\" href=\"https:\/\/prueba.seguvid.com\/index.php\/2021\/06\/09\/modern-architecture\/\">\n          Learn more          <svg width=\"20\" height=\"20\">\n            <use xlink:href=\"#chevron-right\"><\/use>\n          <\/svg>\n        <\/a>\n      <\/div>\n    <\/div>\n  <\/div>\n<\/li><!-- #post-73 -->\n\n<li id=\"post-71\" class=\"news-listing__item news-listing__item--auto col-12 col-md-6 col-xl-3 __js_masonry-item __js_decoration  post-71 post type-post status-publish format-standard has-post-thumbnail hentry category-decoration\">\n  <div class=\"card card--small card--masonry card--news card--news-masonry\">\n        <div class=\"card__image\">\n    <a href=\"https:\/\/prueba.seguvid.com\/index.php\/2021\/06\/09\/discover-architecture-2\/\"><img decoding=\"async\" src=\"https:\/\/prueba.seguvid.com\/wp-content\/uploads\/2021\/07\/b-6.jpeg\" alt=\"Modern Architecture and Interior\" \/><\/a>\n    <\/div>\n        <div class=\"card__content card__content--full\">\n      <div class=\"card__date\">9 de junio de 2021<\/div>\n      <h3 class=\"card__heading\"><a href=\"https:\/\/prueba.seguvid.com\/index.php\/2021\/06\/09\/discover-architecture-2\/\">Modern Architecture and Interior<\/a><\/h3>\n            <div class=\"card__text\"><p>To mark the first UK show of artist Henri Barande My job is simple and sophisticated, so it is possible to describe and simple, and flowery language. I love the feel and sophistication of its superiority. I like people with a keen mind and at the same time easy to&#8230; <\/p>\n<div class=\"readmore\"><a href=\"https:\/\/prueba.seguvid.com\/index.php\/2021\/06\/09\/discover-architecture-2\/\" class=\"btn-link\">Read more<\/a><\/div>\n<\/div>\n            <div class=\"card__bottom\">\n        <a class=\"card__link\" href=\"https:\/\/prueba.seguvid.com\/index.php\/2021\/06\/09\/discover-architecture-2\/\">\n          Learn more          <svg width=\"20\" height=\"20\">\n            <use xlink:href=\"#chevron-right\"><\/use>\n          <\/svg>\n        <\/a>\n      <\/div>\n    <\/div>\n  <\/div>\n<\/li><!-- #post-71 -->          <\/ul>\n\n                  <\/div>\n\n\t\t\t\t<\/div>\n\t\t\t\t<\/div>\n\t\t\t\t\t<\/div>\n\t\t<\/div>\n\t\t\t\t\t\t\t<\/div>\n\t\t<\/section>\n\t\t\t\t\t\t\t<\/div>\n\t\t","protected":false},"excerpt":{"rendered":"<p>News All Interior Inspiration Decoration Architecture August 1, 2021 Geometric Square Villa In Germany To mark the first UK show of artist Henri Barande&#8230; Read more Learn more August 1, 2021 Redesign Exterior Of EMME Officie To mark the first UK show of artist Henri Barande&#8230; Read more Learn more&#8230; <\/p>\n<div class=\"readmore\"><a href=\"https:\/\/prueba.seguvid.com\/index.php\/2021\/06\/09\/discover-architecture-2\/\" class=\"btn-link\">Read more<\/a><\/div>\n","protected":false},"author":1,"featured_media":0,"parent":0,"menu_order":0,"comment_status":"closed","ping_status":"closed","template":"template-elementor-default.php","meta":{"_monsterinsights_skip_tracking":false,"_monsterinsights_sitenote_active":false,"_monsterinsights_sitenote_note":"","_monsterinsights_sitenote_category":0,"_joinchat":[],"footnotes":""},"class_list":["post-503","page","type-page","status-publish","hentry"],"acf":[],"aioseo_notices":[],"_links":{"self":[{"href":"https:\/\/prueba.seguvid.com\/index.php\/wp-json\/wp\/v2\/pages\/503","targetHints":{"allow":["GET"]}}],"collection":[{"href":"https:\/\/prueba.seguvid.com\/index.php\/wp-json\/wp\/v2\/pages"}],"about":[{"href":"https:\/\/prueba.seguvid.com\/index.php\/wp-json\/wp\/v2\/types\/page"}],"author":[{"embeddable":true,"href":"https:\/\/prueba.seguvid.com\/index.php\/wp-json\/wp\/v2\/users\/1"}],"replies":[{"embeddable":true,"href":"https:\/\/prueba.seguvid.com\/index.php\/wp-json\/wp\/v2\/comments?post=503"}],"version-history":[{"count":1,"href":"https:\/\/prueba.seguvid.com\/index.php\/wp-json\/wp\/v2\/pages\/503\/revisions"}],"predecessor-version":[{"id":1451,"href":"https:\/\/prueba.seguvid.com\/index.php\/wp-json\/wp\/v2\/pages\/503\/revisions\/1451"}],"wp:attachment":[{"href":"https:\/\/prueba.seguvid.com\/index.php\/wp-json\/wp\/v2\/media?parent=503"}],"curies":[{"name":"wp","href":"https:\/\/api.w.org\/{rel}","templated":true}]}}